{"id":9341,"date":"2025-05-20T23:05:01","date_gmt":"2025-05-20T21:05:01","guid":{"rendered":"http:\/\/localhost\/centralmarket3\/?post_type=product&#038;p=9341"},"modified":"2025-05-20T23:05:32","modified_gmt":"2025-05-20T21:05:32","slug":"seau-a-bouteille-avec-enceinte-led-29cm-blanc","status":"publish","type":"product","link":"https:\/\/www.centralmarket.store\/?product=seau-a-bouteille-avec-enceinte-led-29cm-blanc","title":{"rendered":"SEAU \u00c0 BOUTEILLE AVEC ENCEINTE \u00ab\u00a0LED\u00a0\u00bb 29CM BLANC"},"content":{"rendered":"<p><strong>Seau \u00e0 Bouteille avec Enceinte \u00ab\u00a0LED\u00a0\u00bb 29cm Blanc<\/strong><\/p>\n<p>Ce\u00a0Seau \u00e0 Bouteille avec Enceinte \u00ab\u00a0LED\u00a0\u00bb 29cm Blanc est \u00e0 la fois pratique et esth\u00e9tique. Avec une hauteur de 29 cm, il peut accueillir des bouteilles de diff\u00e9rentes tailles et ajoute une touche de luminosit\u00e9 \u00e0 votre espace. Il est dot\u00e9 de lumi\u00e8res LED int\u00e9gr\u00e9es qui offrent une couleur changeante, vous permettant de cr\u00e9er une ambiance festive ou relaxante selon vos pr\u00e9f\u00e9rences. De plus, ce seau \u00e0 bouteille est r\u00e9sistant aux projections d&rsquo;eau, ce qui le rend id\u00e9al pour une utilisation en ext\u00e9rieur ou dans des environnements humides. L&rsquo;autonomie de la batterie est d&rsquo;environ 4 heures, ce qui vous donne amplement de temps pour profiter de l&rsquo;\u00e9clairage et de la musique.<\/p>\n<p>L&rsquo;enceinte sans fil int\u00e9gr\u00e9e vous permet de diffuser votre musique pr\u00e9f\u00e9r\u00e9e en utilisant la connectivit\u00e9 Bluetooth. Vous pouvez facilement connecter votre smartphone, votre tablette ou tout autre appareil compatible Bluetooth pour profiter d&rsquo;une exp\u00e9rience audio immersive. Le seau \u00e0 bouteille est livr\u00e9 avec un c\u00e2ble de charge inclus, ce qui facilite sa recharge. Ce seau \u00e0 bouteille LED avec enceinte sans fil int\u00e9gr\u00e9e offre \u00e0 la fois un \u00e9clairage d&rsquo;ambiance et une exp\u00e9rience musicale agr\u00e9able, ce qui en fait un accessoire polyvalent pour vos \u00e9v\u00e9nements en int\u00e9rieur ou en ext\u00e9rieur !<\/p>\n<p><strong>Caract\u00e9ristiques :<\/strong><\/p>\n<ul>\n<li><strong>Dimensions\u00a0:<\/strong>\u00a0L. 24,7 x l. 15,8 x H. 29,2 cm<\/li>\n<li><strong>Mati\u00e8re\u00a0:<\/strong>\u00a0Plastique<\/li>\n<li><strong>Sp\u00e9cificit\u00e9s\u00a0:<\/strong><\/li>\n<li>D\u00e9co &amp; Tendance<\/li>\n<li>Seau \u00e0 bouteille led<\/li>\n<li>Enceinte sans fil int\u00e9gr\u00e9e<\/li>\n<li>Compatible bluetooth<\/li>\n<li>Autonomie de 4 heures<\/li>\n<li><strong>Poids :<\/strong>\u00a00,77 kg<\/li>\n<li><strong>Coloris\u00a0:\u00a0<\/strong>Blanc<\/li>\n<\/ul>\n","protected":false},"excerpt":{"rendered":"<p>Seau \u00e0 Bouteille avec Enceinte \u00ab\u00a0LED\u00a0\u00bb 29cm Blanc Ce\u00a0Seau \u00e0 Bouteille avec Enceinte \u00ab\u00a0LED\u00a0\u00bb 29cm Blanc est \u00e0 la fois pratique et esth\u00e9tique. Avec une hauteur de 29 cm, il peut accueillir des bouteilles de diff\u00e9rentes tailles et ajoute une touche de luminosit\u00e9 \u00e0 votre espace. Il est dot\u00e9 de lumi\u00e8res LED int\u00e9gr\u00e9es qui offrent [&hellip;]<\/p>\n","protected":false},"featured_media":9379,"comment_status":"open","ping_status":"closed","template":"","meta":[],"product_cat":[72],"product_tag":[],"class_list":{"0":"post-9341","1":"product","2":"type-product","3":"status-publish","4":"has-post-thumbnail","6":"product_cat-accessoires","8":"first","9":"instock","10":"sale","11":"shipping-taxable","12":"purchasable","13":"product-type-simple"},"jetpack_sharing_enabled":true,"_links":{"self":[{"href":"https:\/\/www.centralmarket.store\/index.php?rest_route=\/wp\/v2\/product\/9341","targetHints":{"allow":["GET"]}}],"collection":[{"href":"https:\/\/www.centralmarket.store\/index.php?rest_route=\/wp\/v2\/product"}],"about":[{"href":"https:\/\/www.centralmarket.store\/index.php?rest_route=\/wp\/v2\/types\/product"}],"replies":[{"embeddable":true,"href":"https:\/\/www.centralmarket.store\/index.php?rest_route=%2Fwp%2Fv2%2Fcomments&post=9341"}],"wp:featuredmedia":[{"embeddable":true,"href":"https:\/\/www.centralmarket.store\/index.php?rest_route=\/wp\/v2\/media\/9379"}],"wp:attachment":[{"href":"https:\/\/www.centralmarket.store\/index.php?rest_route=%2Fwp%2Fv2%2Fmedia&parent=9341"}],"wp:term":[{"taxonomy":"product_cat","embeddable":true,"href":"https:\/\/www.centralmarket.store\/index.php?rest_route=%2Fwp%2Fv2%2Fproduct_cat&post=9341"},{"taxonomy":"product_tag","embeddable":true,"href":"https:\/\/www.centralmarket.store\/index.php?rest_route=%2Fwp%2Fv2%2Fproduct_tag&post=9341"}],"curies":[{"name":"wp","href":"https:\/\/api.w.org\/{rel}","templated":true}]}}