{"id":10721,"date":"2025-05-23T20:17:53","date_gmt":"2025-05-23T18:17:53","guid":{"rendered":"https:\/\/www.centralmarket.store\/?post_type=product&#038;p=10721"},"modified":"2025-05-23T20:17:54","modified_gmt":"2025-05-23T18:17:54","slug":"ciseaux-de-cuisine","status":"publish","type":"product","link":"https:\/\/www.centralmarket.store\/?product=ciseaux-de-cuisine","title":{"rendered":"Ciseaux de cuisine"},"content":{"rendered":"<p>Ciseaux de cuisine multifonction \u2013 Prix promo : 4 000 F<\/p>\n<p>Un seul outil pour tout faire en cuisine !<\/p>\n<p>&nbsp;<\/p>\n<p>D\u00e9coupe facile de la viande : poulet, mouton, b\u0153uf\u2026<\/p>\n<p>&nbsp;<\/p>\n<p>\u00c9caille le poisson rapidement<\/p>\n<p>&nbsp;<\/p>\n<p>D\u00e9capsule vos boissons<\/p>\n<p>&nbsp;<\/p>\n<p>Casse les noix en toute s\u00e9curit\u00e9<\/p>\n<p>&nbsp;<\/p>\n<p>Solide, pratique et indispensable dans toutes les cuisines.<\/p>\n<p>Livraison \u00e0 vos frais partout \u00e0 Abidjan.<\/p>\n","protected":false},"excerpt":{"rendered":"<p>Ciseaux de cuisine multifonction \u2013 Prix promo : 4 000 F Un seul outil pour tout faire en cuisine ! &nbsp; D\u00e9coupe facile de la viande : poulet, mouton, b\u0153uf\u2026 &nbsp; \u00c9caille le poisson rapidement &nbsp; D\u00e9capsule vos boissons &nbsp; Casse les noix en toute s\u00e9curit\u00e9 &nbsp; Solide, pratique et indispensable dans toutes les cuisines. [&hellip;]<\/p>\n","protected":false},"featured_media":10722,"comment_status":"open","ping_status":"closed","template":"","meta":[],"product_cat":[74,86,90],"product_tag":[],"class_list":{"0":"post-10721","1":"product","2":"type-product","3":"status-publish","4":"has-post-thumbnail","6":"product_cat-cuisine-et-maison","7":"product_cat-tous-les-articles","8":"product_cat-ustensiles-de-cuisine","10":"first","11":"instock","12":"sale","13":"shipping-taxable","14":"purchasable","15":"product-type-simple"},"jetpack_sharing_enabled":true,"_links":{"self":[{"href":"https:\/\/www.centralmarket.store\/index.php?rest_route=\/wp\/v2\/product\/10721","targetHints":{"allow":["GET"]}}],"collection":[{"href":"https:\/\/www.centralmarket.store\/index.php?rest_route=\/wp\/v2\/product"}],"about":[{"href":"https:\/\/www.centralmarket.store\/index.php?rest_route=\/wp\/v2\/types\/product"}],"replies":[{"embeddable":true,"href":"https:\/\/www.centralmarket.store\/index.php?rest_route=%2Fwp%2Fv2%2Fcomments&post=10721"}],"wp:featuredmedia":[{"embeddable":true,"href":"https:\/\/www.centralmarket.store\/index.php?rest_route=\/wp\/v2\/media\/10722"}],"wp:attachment":[{"href":"https:\/\/www.centralmarket.store\/index.php?rest_route=%2Fwp%2Fv2%2Fmedia&parent=10721"}],"wp:term":[{"taxonomy":"product_cat","embeddable":true,"href":"https:\/\/www.centralmarket.store\/index.php?rest_route=%2Fwp%2Fv2%2Fproduct_cat&post=10721"},{"taxonomy":"product_tag","embeddable":true,"href":"https:\/\/www.centralmarket.store\/index.php?rest_route=%2Fwp%2Fv2%2Fproduct_tag&post=10721"}],"curies":[{"name":"wp","href":"https:\/\/api.w.org\/{rel}","templated":true}]}}