{"id":10713,"date":"2025-05-23T20:05:19","date_gmt":"2025-05-23T18:05:19","guid":{"rendered":"https:\/\/www.centralmarket.store\/?post_type=product&#038;p=10713"},"modified":"2025-05-23T20:05:20","modified_gmt":"2025-05-23T18:05:20","slug":"couteau-planche-2-en-1","status":"publish","type":"product","link":"https:\/\/www.centralmarket.store\/?product=couteau-planche-2-en-1","title":{"rendered":"Couteau Planche 2 en 1"},"content":{"rendered":"<p>Couteau-planche 2 en 1 \u2013 Promo : 4 000 F<\/p>\n<p>&nbsp;<\/p>\n<p>Gagnez du temps en cuisine avec cet outil ing\u00e9nieux qui combine un couteau ultra-tranchant et une mini-planche int\u00e9gr\u00e9e !<\/p>\n<p>&nbsp;<\/p>\n<p>Id\u00e9al pour d\u00e9couper facilement l\u00e9gumes, fruits, viandes et plus encore, sans avoir besoin de sortir une planche \u00e0 d\u00e9couper.<\/p>\n<p>&nbsp;<\/p>\n<p>Compact et pratique, il se range facilement<\/p>\n<p>&nbsp;<\/p>\n<p>Utilisation rapide et s\u00e9curis\u00e9e<\/p>\n<p>&nbsp;<\/p>\n<p>Parfait pour les repas express, les pique-niques ou les petites cuisines<\/p>\n<p>&nbsp;<\/p>\n<p>&nbsp;<\/p>\n<p>Un accessoire malin qui facilite vot<\/p>\n<p>re quotidien.<\/p>\n","protected":false},"excerpt":{"rendered":"<p>Couteau-planche 2 en 1 \u2013 Promo : 4 000 F &nbsp; Gagnez du temps en cuisine avec cet outil ing\u00e9nieux qui combine un couteau ultra-tranchant et une mini-planche int\u00e9gr\u00e9e ! &nbsp; Id\u00e9al pour d\u00e9couper facilement l\u00e9gumes, fruits, viandes et plus encore, sans avoir besoin de sortir une planche \u00e0 d\u00e9couper. &nbsp; Compact et pratique, il [&hellip;]<\/p>\n","protected":false},"featured_media":10716,"comment_status":"open","ping_status":"closed","template":"","meta":[],"product_cat":[74,73,86,90],"product_tag":[],"class_list":{"0":"post-10713","1":"product","2":"type-product","3":"status-publish","4":"has-post-thumbnail","6":"product_cat-cuisine-et-maison","7":"product_cat-electromenager","8":"product_cat-tous-les-articles","9":"product_cat-ustensiles-de-cuisine","11":"first","12":"instock","13":"sale","14":"shipping-taxable","15":"purchasable","16":"product-type-simple"},"jetpack_sharing_enabled":true,"_links":{"self":[{"href":"https:\/\/www.centralmarket.store\/index.php?rest_route=\/wp\/v2\/product\/10713","targetHints":{"allow":["GET"]}}],"collection":[{"href":"https:\/\/www.centralmarket.store\/index.php?rest_route=\/wp\/v2\/product"}],"about":[{"href":"https:\/\/www.centralmarket.store\/index.php?rest_route=\/wp\/v2\/types\/product"}],"replies":[{"embeddable":true,"href":"https:\/\/www.centralmarket.store\/index.php?rest_route=%2Fwp%2Fv2%2Fcomments&post=10713"}],"wp:featuredmedia":[{"embeddable":true,"href":"https:\/\/www.centralmarket.store\/index.php?rest_route=\/wp\/v2\/media\/10716"}],"wp:attachment":[{"href":"https:\/\/www.centralmarket.store\/index.php?rest_route=%2Fwp%2Fv2%2Fmedia&parent=10713"}],"wp:term":[{"taxonomy":"product_cat","embeddable":true,"href":"https:\/\/www.centralmarket.store\/index.php?rest_route=%2Fwp%2Fv2%2Fproduct_cat&post=10713"},{"taxonomy":"product_tag","embeddable":true,"href":"https:\/\/www.centralmarket.store\/index.php?rest_route=%2Fwp%2Fv2%2Fproduct_tag&post=10713"}],"curies":[{"name":"wp","href":"https:\/\/api.w.org\/{rel}","templated":true}]}}