{"id":10689,"date":"2025-05-23T19:30:48","date_gmt":"2025-05-23T17:30:48","guid":{"rendered":"https:\/\/www.centralmarket.store\/?post_type=product&#038;p=10689"},"modified":"2025-05-23T19:30:48","modified_gmt":"2025-05-23T17:30:48","slug":"air-fryer-6-litres","status":"publish","type":"product","link":"https:\/\/www.centralmarket.store\/?product=air-fryer-6-litres","title":{"rendered":"Air Fryer 6 litres"},"content":{"rendered":"<p>Friteuse \u00e0 air chaud 6 Litres \u2013 2400W<\/p>\n<p>&nbsp;<\/p>\n<p>Offrez-vous une cuisson saine et savoureuse avec notre Air Fryer 6 Litres, id\u00e9ale pour toute la famille. Gr\u00e2ce \u00e0 sa puissance de 2400W, elle cuit vos aliments rapidement et sans huile, pour des repas croustillants \u00e0 l\u2019ext\u00e9rieur et tendres \u00e0 l\u2019int\u00e9rieur.<\/p>\n<p>&nbsp;<\/p>\n<p>Caract\u00e9ristiques principales :<\/p>\n<p>&nbsp;<\/p>\n<p>Grande capacit\u00e9 de 6 Litres : Parfait pour les familles nombreuses ou les repas entre amis<\/p>\n<p>&nbsp;<\/p>\n<p>Haute puissance 2400W : Cuisson rapide et homog\u00e8ne<\/p>\n<p>&nbsp;<\/p>\n<p>Sans huile ou avec tr\u00e8s peu d\u2019huile : Pour une alimentation plus saine<\/p>\n<p>&nbsp;<\/p>\n<p>Contr\u00f4le facile de la temp\u00e9rature et du temps<\/p>\n<p>&nbsp;<\/p>\n<p>Design moderne et compact : S\u2019int\u00e8gre parfaitement dans votre cuisine<\/p>\n<p>&nbsp;<\/p>\n<p>&nbsp;<\/p>\n<p>Pr\u00e9parez frites, viandes, l\u00e9gumes, g\u00e2teaux et bien plus encore en toute simplicit\u00e9 !<\/p>\n<p>&nbsp;<\/p>\n<p>Prix promo : [30000] \u2013 Livraison rapide partout \u00e0 Abidjan<\/p>\n","protected":false},"excerpt":{"rendered":"<p>Friteuse \u00e0 air chaud 6 Litres \u2013 2400W &nbsp; Offrez-vous une cuisson saine et savoureuse avec notre Air Fryer 6 Litres, id\u00e9ale pour toute la famille. Gr\u00e2ce \u00e0 sa puissance de 2400W, elle cuit vos aliments rapidement et sans huile, pour des repas croustillants \u00e0 l\u2019ext\u00e9rieur et tendres \u00e0 l\u2019int\u00e9rieur. &nbsp; Caract\u00e9ristiques principales : &nbsp; [&hellip;]<\/p>\n","protected":false},"featured_media":10698,"comment_status":"open","ping_status":"closed","template":"","meta":[],"product_cat":[74,73,79,86,90],"product_tag":[],"class_list":{"0":"post-10689","1":"product","2":"type-product","3":"status-publish","4":"has-post-thumbnail","6":"product_cat-cuisine-et-maison","7":"product_cat-electromenager","8":"product_cat-maisons-et-electromenagers","9":"product_cat-tous-les-articles","10":"product_cat-ustensiles-de-cuisine","12":"first","13":"instock","14":"sale","15":"shipping-taxable","16":"purchasable","17":"product-type-simple"},"jetpack_sharing_enabled":true,"_links":{"self":[{"href":"https:\/\/www.centralmarket.store\/index.php?rest_route=\/wp\/v2\/product\/10689","targetHints":{"allow":["GET"]}}],"collection":[{"href":"https:\/\/www.centralmarket.store\/index.php?rest_route=\/wp\/v2\/product"}],"about":[{"href":"https:\/\/www.centralmarket.store\/index.php?rest_route=\/wp\/v2\/types\/product"}],"replies":[{"embeddable":true,"href":"https:\/\/www.centralmarket.store\/index.php?rest_route=%2Fwp%2Fv2%2Fcomments&post=10689"}],"wp:featuredmedia":[{"embeddable":true,"href":"https:\/\/www.centralmarket.store\/index.php?rest_route=\/wp\/v2\/media\/10698"}],"wp:attachment":[{"href":"https:\/\/www.centralmarket.store\/index.php?rest_route=%2Fwp%2Fv2%2Fmedia&parent=10689"}],"wp:term":[{"taxonomy":"product_cat","embeddable":true,"href":"https:\/\/www.centralmarket.store\/index.php?rest_route=%2Fwp%2Fv2%2Fproduct_cat&post=10689"},{"taxonomy":"product_tag","embeddable":true,"href":"https:\/\/www.centralmarket.store\/index.php?rest_route=%2Fwp%2Fv2%2Fproduct_tag&post=10689"}],"curies":[{"name":"wp","href":"https:\/\/api.w.org\/{rel}","templated":true}]}}