{"id":10505,"date":"2025-05-22T22:25:40","date_gmt":"2025-05-22T20:25:40","guid":{"rendered":"https:\/\/www.centralmarket.store\/?post_type=product&#038;p=10505"},"modified":"2025-05-22T22:25:41","modified_gmt":"2025-05-22T20:25:41","slug":"plaque-de-cuisson-a-induction-infrarouge","status":"publish","type":"product","link":"https:\/\/www.centralmarket.store\/?product=plaque-de-cuisson-a-induction-infrarouge","title":{"rendered":"Plaque de cuisson \u00e0 induction ( infrarouge)"},"content":{"rendered":"<p>Cuisini\u00e8re \u00e9lectrique \u00e0 induction infrarouge \u2013 1 feu<\/p>\n<p>Puissance : 2000W<\/p>\n<p>Prix : \u00e0 pr\u00e9ciser selon ton offre<\/p>\n<p>&nbsp;<\/p>\n<p>Cuisson rapide, sans fum\u00e9e et id\u00e9ale pour les petits espaces !<\/p>\n<p>&nbsp;<\/p>\n<p>Compatible avec tous types de casseroles<\/p>\n<p>&nbsp;<\/p>\n<p>Facile \u00e0 nettoyer et \u00e0 transporter<\/p>\n<p>&nbsp;<\/p>\n<p>Parfaite pour les compteurs de 10 amp\u00e8res \u2013 consomme peu tout en \u00e9tant performante<\/p>\n<p>&nbsp;<\/p>\n<p>Compacte et pratique pour la maison, le bureau, les studios ou en d\u00e9pannage.<\/p>\n<p>&nbsp;<\/p>\n<ol>\n<li>Livraison \u00e0 vos frais part<!--more-->out \u00e0 Abidjan.<\/li>\n<\/ol>\n","protected":false},"excerpt":{"rendered":"<p>Cuisini\u00e8re \u00e9lectrique \u00e0 induction infrarouge \u2013 1 feu Puissance : 2000W Prix : \u00e0 pr\u00e9ciser selon ton offre &nbsp; Cuisson rapide, sans fum\u00e9e et id\u00e9ale pour les petits espaces ! &nbsp; Compatible avec tous types de casseroles &nbsp; Facile \u00e0 nettoyer et \u00e0 transporter &nbsp; Parfaite pour les compteurs de 10 amp\u00e8res \u2013 consomme peu [&hellip;]<\/p>\n","protected":false},"featured_media":10506,"comment_status":"open","ping_status":"closed","template":"","meta":[],"product_cat":[15],"product_tag":[],"class_list":{"0":"post-10505","1":"product","2":"type-product","3":"status-publish","4":"has-post-thumbnail","6":"product_cat-uncategorized","8":"first","9":"instock","10":"sale","11":"shipping-taxable","12":"purchasable","13":"product-type-simple"},"jetpack_sharing_enabled":true,"_links":{"self":[{"href":"https:\/\/www.centralmarket.store\/index.php?rest_route=\/wp\/v2\/product\/10505","targetHints":{"allow":["GET"]}}],"collection":[{"href":"https:\/\/www.centralmarket.store\/index.php?rest_route=\/wp\/v2\/product"}],"about":[{"href":"https:\/\/www.centralmarket.store\/index.php?rest_route=\/wp\/v2\/types\/product"}],"replies":[{"embeddable":true,"href":"https:\/\/www.centralmarket.store\/index.php?rest_route=%2Fwp%2Fv2%2Fcomments&post=10505"}],"wp:featuredmedia":[{"embeddable":true,"href":"https:\/\/www.centralmarket.store\/index.php?rest_route=\/wp\/v2\/media\/10506"}],"wp:attachment":[{"href":"https:\/\/www.centralmarket.store\/index.php?rest_route=%2Fwp%2Fv2%2Fmedia&parent=10505"}],"wp:term":[{"taxonomy":"product_cat","embeddable":true,"href":"https:\/\/www.centralmarket.store\/index.php?rest_route=%2Fwp%2Fv2%2Fproduct_cat&post=10505"},{"taxonomy":"product_tag","embeddable":true,"href":"https:\/\/www.centralmarket.store\/index.php?rest_route=%2Fwp%2Fv2%2Fproduct_tag&post=10505"}],"curies":[{"name":"wp","href":"https:\/\/api.w.org\/{rel}","templated":true}]}}