{"id":10462,"date":"2025-05-22T20:25:35","date_gmt":"2025-05-22T18:25:35","guid":{"rendered":"https:\/\/www.centralmarket.store\/?post_type=product&#038;p=10462"},"modified":"2025-05-22T20:25:36","modified_gmt":"2025-05-22T18:25:36","slug":"moule-pizza-3-pieces","status":"publish","type":"product","link":"https:\/\/www.centralmarket.store\/?product=moule-pizza-3-pieces","title":{"rendered":"Moule pizza 3 pi\u00e8ces"},"content":{"rendered":"<p><em>\ud83c\udf70 \ud835\udddf\ud835\uddfc\ud835\ude01 \ud835\uddf1\ud835\uddf2 3 \ud835\uddfa\ud835\uddfc\ud835\ude02\ud835\uddf9\ud835\uddf2\ud835\ude00 \ud835\uddfd\ud835\uddfc\ud835\ude02\ud835\uddff \ud835\uddf3\ud835\uddfc\ud835\ude02\ud835\uddff \ud83c\udf55 \ud835\uddfa\ud835\uddfc\ud835\ude02\ud835\uddf9\ud835\uddf2\ud835\ude00 \ud835\uddf2\ud835\ude01 \ud835\uddee\ud835\ude00\ud835\ude00\ud835\uddf6\ud835\uddf2\ud835\ude01\ud835\ude01\ud835\uddf2\ud835\ude00 2 \ud835\uddf2\ud835\uddfb 1<\/em><\/p>\n<p><em>\u00a0<\/em><\/p>\n<p><em>R\u00e9alisez facilement g\u00e2teaux, pizzas et bien plus encore avec ces moules en acier inoxydable, r\u00e9sistants et parfaits pour une cuisson homog\u00e8ne.<\/em><\/p>\n<p><em>\u00a0<\/em><\/p>\n<p><em>\ud83d\udccf Dimensions :<\/em><\/p>\n<p><em>\u00a0<\/em><\/p>\n<p><em>\u2714\ufe0f Petit : 24 cm<\/em><\/p>\n<p><em>\u00a0<\/em><\/p>\n<p><em>\u2714\ufe0f Moyen : 28 cm<\/em><\/p>\n<p><em>\u00a0<\/em><\/p>\n<p><em>\u2714\ufe0f Grand : 32 cm<\/em><\/p>\n<p><em>\u00a0<\/em><\/p>\n<p><em>\ud83d\ude9a Livraison selon la commune\u00a0<\/em><\/p>\n<p><em>\u00a0<\/em><\/p>\n<p><em>\u2714\ufe0f 1 500F \u00e0 Abidjan<\/em><\/p>\n<p><em>\u00a0<\/em><\/p>\n<p><em>\u2714\ufe0f 2 000F en p\u00e9riph\u00e9rie<\/em><\/p>\n<p><em>\u00a0<\/em><\/p>\n<p><em>Ne ratez pas cette offre ! Commandez d\u00e8s maintenant. \ud835\udde6\ud835\ude01\ud835\uddfc\ud835\uddf0\ud835\uddf8 \ud835\ude00\ud835\uddf2\ud835\ude02\ud835\uddf9\ud835\uddf2\ud835\uddfa\ud835\uddf2\ud835\uddfb\ud835\ude01 20 \ud835\uddfd\ud835\uddf6\u00e8\ud835\uddf0\ud835\uddf2\ud835\ude00\u00a0<\/em><\/p>\n","protected":false},"excerpt":{"rendered":"<p>\ud83c\udf70 \ud835\udddf\ud835\uddfc\ud835\ude01 \ud835\uddf1\ud835\uddf2 3 \ud835\uddfa\ud835\uddfc\ud835\ude02\ud835\uddf9\ud835\uddf2\ud835\ude00 \ud835\uddfd\ud835\uddfc\ud835\ude02\ud835\uddff \ud835\uddf3\ud835\uddfc\ud835\ude02\ud835\uddff \ud83c\udf55 \ud835\uddfa\ud835\uddfc\ud835\ude02\ud835\uddf9\ud835\uddf2\ud835\ude00 \ud835\uddf2\ud835\ude01 \ud835\uddee\ud835\ude00\ud835\ude00\ud835\uddf6\ud835\uddf2\ud835\ude01\ud835\ude01\ud835\uddf2\ud835\ude00 2 \ud835\uddf2\ud835\uddfb 1 \u00a0 R\u00e9alisez facilement g\u00e2teaux, pizzas et bien plus encore avec ces moules en acier inoxydable, r\u00e9sistants et parfaits pour une cuisson homog\u00e8ne. \u00a0 \ud83d\udccf Dimensions : \u00a0 \u2714\ufe0f Petit : 24 cm \u00a0 \u2714\ufe0f Moyen : 28 cm \u00a0 \u2714\ufe0f Grand [&hellip;]<\/p>\n","protected":false},"featured_media":10393,"comment_status":"open","ping_status":"closed","template":"","meta":[],"product_cat":[74,91,86,90],"product_tag":[],"class_list":{"0":"post-10462","1":"product","2":"type-product","3":"status-publish","4":"has-post-thumbnail","6":"product_cat-cuisine-et-maison","7":"product_cat-patisseries","8":"product_cat-tous-les-articles","9":"product_cat-ustensiles-de-cuisine","11":"first","12":"instock","13":"sale","14":"shipping-taxable","15":"purchasable","16":"product-type-simple"},"jetpack_sharing_enabled":true,"_links":{"self":[{"href":"https:\/\/www.centralmarket.store\/index.php?rest_route=\/wp\/v2\/product\/10462","targetHints":{"allow":["GET"]}}],"collection":[{"href":"https:\/\/www.centralmarket.store\/index.php?rest_route=\/wp\/v2\/product"}],"about":[{"href":"https:\/\/www.centralmarket.store\/index.php?rest_route=\/wp\/v2\/types\/product"}],"replies":[{"embeddable":true,"href":"https:\/\/www.centralmarket.store\/index.php?rest_route=%2Fwp%2Fv2%2Fcomments&post=10462"}],"wp:featuredmedia":[{"embeddable":true,"href":"https:\/\/www.centralmarket.store\/index.php?rest_route=\/wp\/v2\/media\/10393"}],"wp:attachment":[{"href":"https:\/\/www.centralmarket.store\/index.php?rest_route=%2Fwp%2Fv2%2Fmedia&parent=10462"}],"wp:term":[{"taxonomy":"product_cat","embeddable":true,"href":"https:\/\/www.centralmarket.store\/index.php?rest_route=%2Fwp%2Fv2%2Fproduct_cat&post=10462"},{"taxonomy":"product_tag","embeddable":true,"href":"https:\/\/www.centralmarket.store\/index.php?rest_route=%2Fwp%2Fv2%2Fproduct_tag&post=10462"}],"curies":[{"name":"wp","href":"https:\/\/api.w.org\/{rel}","templated":true}]}}