{"id":10383,"date":"2025-05-21T11:41:57","date_gmt":"2025-05-21T09:41:57","guid":{"rendered":"https:\/\/www.centralmarket.store\/?post_type=product&#038;p=10383"},"modified":"2025-05-22T20:20:16","modified_gmt":"2025-05-22T18:20:16","slug":"thermos-a-pompe-4-litres","status":"publish","type":"product","link":"https:\/\/www.centralmarket.store\/?product=thermos-a-pompe-4-litres","title":{"rendered":"Thermos a pompe 4 litres"},"content":{"rendered":"<p>\ud835\uddda\ud835\uddee\ud835\uddff\ud835\uddf1\ud835\uddf2\ud835\ude07 \ud835\ude03\ud835\uddfc\ud835\ude00 \ud835\uddef\ud835\uddfc\ud835\uddf6\ud835\ude00\ud835\ude00\ud835\uddfc\ud835\uddfb\ud835\ude00 \ud835\uddf0\ud835\uddf5\ud835\uddee\ud835\ude02\ud835\uddf1\ud835\uddf2\ud835\ude00 \ud835\uddfc\ud835\ude02 \ud835\uddf3\ud835\uddff\ud835\uddfc\ud835\uddf6\ud835\uddf1\ud835\uddf2\ud835\ude00 \ud835\uddfd\ud835\uddf2\ud835\uddfb\ud835\uddf1\ud835\uddee\ud835\uddfb\ud835\ude01 \ud835\uddf1\ud835\uddf2\ud835\ude00 \ud835\uddf5\ud835\uddf2\ud835\ude02\ud835\uddff\ud835\uddf2\ud835\ude00 !<\/p>\n<p>D\u00e9couvrez notre \ud835\ude01\ud835\uddf5\ud835\uddf2\ud835\uddff\ud835\uddfa\ud835\uddfc\ud835\ude00 \u00e0 \ud835\uddfd\ud835\uddfc\ud835\uddfa\ud835\uddfd\ud835\uddf2 \ud835\uddf2\ud835\uddfb \ud835\uddf6\ud835\uddfb\ud835\uddfc\ud835\ude05 \u2014 id\u00e9al pour le bureau, la maison, les \u00e9v\u00e9nements ou les d\u00e9placements.<\/p>\n<p>&nbsp;<\/p>\n<p>\ud835\uddd7\ud835\uddf6\ud835\ude00\ud835\uddfd\ud835\uddfc\ud835\uddfb\ud835\uddf6\ud835\uddef\ud835\uddf9\ud835\uddf2 \ud835\uddf2\ud835\uddfb \ud835\ude01\ud835\uddff\ud835\uddfc\ud835\uddf6\ud835\ude00 \ud835\uddf3\ud835\uddfc\ud835\uddff\ud835\uddfa\ud835\uddee\ud835\ude01\ud835\ude00 :<\/p>\n<p>&nbsp;<\/p>\n<p>\ud835\udff0\ud835\udddf : \ud835\udfee\ud835\udff1.\ud835\udfec\ud835\udfec\ud835\udfec\ud835\uddd9<\/p>\n<p>&nbsp;<\/p>\n<p>\ud835\udfee,\ud835\udff1\ud835\udddf : \ud835\udfed\ud835\udff5.\ud835\udff1\ud835\udfec\ud835\udfec\ud835\uddd9<\/p>\n<p>&nbsp;<\/p>\n<p>\ud835\udfed,\ud835\udff5\ud835\udddf : \ud835\udfed\ud835\udfef\ud835\udff1\ud835\udfec\ud835\udfec\ud835\uddd9<\/p>\n<p>&nbsp;<\/p>\n<p>Pourquoi choisir ce thermos ?<\/p>\n<p>&nbsp;<\/p>\n<p>Int\u00e9rieur en inox SUS 304 : r\u00e9sistant et hygi\u00e9nique<\/p>\n<p>&nbsp;<\/p>\n<p>Pompe int\u00e9gr\u00e9e : versement facile, sans effort<\/p>\n<p>&nbsp;<\/p>\n<p>Poign\u00e9e solide pour un transport s\u00e9curis\u00e9<\/p>\n<p>&nbsp;<\/p>\n<p>Garde la chaleur et la fra\u00eecheur pendant plusieurs heures<\/p>\n<p>&nbsp;<\/p>\n<p>Livraison rapide \u00e0 Abidjan a partir de 1500f<\/p>\n<p>&nbsp;<\/p>\n<p>Paiement \u00e0 la livraison.<\/p>\n<p>&nbsp;<\/p>\n<p>Stock limit\u00e9 \u2013 Ne manquez pas cette offre !<\/p>\n<p>&nbsp;<\/p>\n","protected":false},"excerpt":{"rendered":"<p>&nbsp;<\/p>\n<p>\ud835\uddda\ud835\uddee\ud835\uddff\ud835\uddf1\ud835\uddf2\ud835\ude07 \ud835\ude03\ud835\uddfc\ud835\ude00 \ud835\uddef\ud835\uddfc\ud835\uddf6\ud835\ude00\ud835\ude00\ud835\uddfc\ud835\uddfb\ud835\ude00 \ud835\uddf0\ud835\uddf5\ud835\uddee\ud835\ude02\ud835\uddf1\ud835\uddf2\ud835\ude00 \ud835\uddfc\ud835\ude02 \ud835\uddf3\ud835\uddff\ud835\uddfc\ud835\uddf6\ud835\uddf1\ud835\uddf2\ud835\ude00 \ud835\uddfd\ud835\uddf2\ud835\uddfb\ud835\uddf1\ud835\uddee\ud835\uddfb\ud835\ude01 \ud835\uddf1\ud835\uddf2\ud835\ude00 \ud835\uddf5\ud835\uddf2\ud835\ude02\ud835\uddff\ud835\uddf2\ud835\ude00 !<br \/>\nD\u00e9couvrez notre \ud835\ude01\ud835\uddf5\ud835\uddf2\ud835\uddff\ud835\uddfa\ud835\uddfc\ud835\ude00 \u00e0 \ud835\uddfd\ud835\uddfc\ud835\uddfa\ud835\uddfd\ud835\uddf2 \ud835\uddf2\ud835\uddfb \ud835\uddf6\ud835\uddfb\ud835\uddfc\ud835\ude05 \u2014 id\u00e9al pour le bureau, la maison, les \u00e9v\u00e9nements ou les d\u00e9placements.<\/p>\n<p>Pourquoi choisir ce thermos ?<\/p>\n<p>Int\u00e9rieur en inox SUS 304 : r\u00e9sistant et hygi\u00e9nique<\/p>\n<p>Pompe int\u00e9gr\u00e9e : versement facile, sans effort<\/p>\n<p>Poign\u00e9e solide pour un transport s\u00e9curis\u00e9<\/p>\n<p>Garde la chaleur et la fra\u00eecheur pendant plusieurs heures<\/p>\n","protected":false},"featured_media":10387,"comment_status":"open","ping_status":"closed","template":"","meta":[],"product_cat":[74,73,79,84,86],"product_tag":[],"class_list":{"0":"post-10383","1":"product","2":"type-product","3":"status-publish","4":"has-post-thumbnail","6":"product_cat-cuisine-et-maison","7":"product_cat-electromenager","8":"product_cat-maisons-et-electromenagers","9":"product_cat-mobiliers-de-jardin","10":"product_cat-tous-les-articles","12":"first","13":"instock","14":"sale","15":"shipping-taxable","16":"purchasable","17":"product-type-simple"},"jetpack_sharing_enabled":true,"_links":{"self":[{"href":"https:\/\/www.centralmarket.store\/index.php?rest_route=\/wp\/v2\/product\/10383","targetHints":{"allow":["GET"]}}],"collection":[{"href":"https:\/\/www.centralmarket.store\/index.php?rest_route=\/wp\/v2\/product"}],"about":[{"href":"https:\/\/www.centralmarket.store\/index.php?rest_route=\/wp\/v2\/types\/product"}],"replies":[{"embeddable":true,"href":"https:\/\/www.centralmarket.store\/index.php?rest_route=%2Fwp%2Fv2%2Fcomments&post=10383"}],"wp:featuredmedia":[{"embeddable":true,"href":"https:\/\/www.centralmarket.store\/index.php?rest_route=\/wp\/v2\/media\/10387"}],"wp:attachment":[{"href":"https:\/\/www.centralmarket.store\/index.php?rest_route=%2Fwp%2Fv2%2Fmedia&parent=10383"}],"wp:term":[{"taxonomy":"product_cat","embeddable":true,"href":"https:\/\/www.centralmarket.store\/index.php?rest_route=%2Fwp%2Fv2%2Fproduct_cat&post=10383"},{"taxonomy":"product_tag","embeddable":true,"href":"https:\/\/www.centralmarket.store\/index.php?rest_route=%2Fwp%2Fv2%2Fproduct_tag&post=10383"}],"curies":[{"name":"wp","href":"https:\/\/api.w.org\/{rel}","templated":true}]}}