{"id":14,"date":"2025-05-20T22:44:24","date_gmt":"2025-05-20T20:44:24","guid":{"rendered":"http:\/\/localhost\/centralmarket3\/index.php\/wishlist\/"},"modified":"2025-05-20T22:44:24","modified_gmt":"2025-05-20T20:44:24","slug":"wishlist","status":"publish","type":"page","link":"https:\/\/www.centralmarket.store\/?page_id=14","title":{"rendered":"Wishlist"},"content":{"rendered":"<div class=\"woosw-list\"><table class=\"woosw-items\" data-key=\"WOOSW\"><tr class=\"woosw-item woosw-item-10383\" data-id=\"10383\"><td class=\"woosw-item--image\"><a  href=\"https:\/\/www.centralmarket.store\/?product=thermos-a-pompe-4-litres\" ><img fetchpriority=\"high\" decoding=\"async\" width=\"450\" height=\"450\" src=\"https:\/\/www.centralmarket.store\/wp-content\/uploads\/2025\/05\/1742219235048-1-450x450.png\" class=\"attachment-woocommerce_thumbnail size-woocommerce_thumbnail\" alt=\"Thermos a pompe 4 litres\" \/><\/a><\/td><td class=\"woosw-item--info\"><div class=\"woosw-item--name\"><a  href=\"https:\/\/www.centralmarket.store\/?product=thermos-a-pompe-4-litres\" >Thermos a pompe 4 litres<\/a><\/div><div class=\"woosw-item--price\"><del aria-hidden=\"true\"><span class=\"woocommerce-Price-amount amount\">30 000&nbsp;<span class=\"woocommerce-Price-currencySymbol\">CFA<\/span><\/span><\/del> <span class=\"screen-reader-text\">Le prix initial \u00e9tait\u00a0: 30 000&nbsp;CFA.<\/span><ins aria-hidden=\"true\"><span class=\"woocommerce-Price-amount amount\">25 000&nbsp;<span class=\"woocommerce-Price-currencySymbol\">CFA<\/span><\/span><\/ins><span class=\"screen-reader-text\">Le prix actuel est\u00a0: 25 000&nbsp;CFA.<\/span><\/div><div class=\"woosw-item--time\">23 mai 2025<\/div><\/td><td class=\"woosw-item--actions\"><div class=\"woosw-item--stock\"><\/div><div class=\"woosw-item--atc\"><p class=\"product woocommerce add_to_cart_inline \" style=\"\"><a href=\"?add-to-cart=10383\" aria-describedby=\"woocommerce_loop_add_to_cart_link_describedby_10383\" data-quantity=\"1\" class=\"button product_type_simple add_to_cart_button ajax_add_to_cart\" data-product_id=\"10383\" data-product_sku=\"\" aria-label=\"Ajouter au panier\u00a0: &ldquo;Thermos a pompe 4 litres&rdquo;\" rel=\"nofollow\" data-success_message=\"\u00ab\u00a0Thermos a pompe 4 litres\u00a0\u00bb a \u00e9t\u00e9 ajout\u00e9 \u00e0 votre panier\">Ajouter au panier<\/a>\t<span id=\"woocommerce_loop_add_to_cart_link_describedby_10383\" class=\"screen-reader-text\">\n\t\t\t<\/span>\n<\/p><\/div><\/td><\/tr><\/table><div class=\"woosw-actions\"><div class=\"woosw-copy\"><span class=\"woosw-copy-label\">Wishlist link:<\/span><span class=\"woosw-copy-url\"><input id=\"woosw_copy_url\" type=\"url\" value=\"https:\/\/www.centralmarket.store\/?page_id=14&#038;woosw_id=WOOSW\" readonly\/><\/span><span class=\"woosw-copy-btn\"><button id=\"woosw_copy_btn\" type=\"button\" class=\"button\">Copy<\/button><\/span><\/div><!-- \/woosw-copy --><\/div><!-- \/woosw-actions --><\/div><!-- \/woosw-list -->\n","protected":false},"excerpt":{"rendered":"","protected":false},"author":1,"featured_media":0,"parent":0,"menu_order":0,"comment_status":"closed","ping_status":"closed","template":"","meta":{"footnotes":""},"class_list":["post-14","page","type-page","status-publish","hentry"],"jetpack_sharing_enabled":true,"_links":{"self":[{"href":"https:\/\/www.centralmarket.store\/index.php?rest_route=\/wp\/v2\/pages\/14","targetHints":{"allow":["GET"]}}],"collection":[{"href":"https:\/\/www.centralmarket.store\/index.php?rest_route=\/wp\/v2\/pages"}],"about":[{"href":"https:\/\/www.centralmarket.store\/index.php?rest_route=\/wp\/v2\/types\/page"}],"author":[{"embeddable":true,"href":"https:\/\/www.centralmarket.store\/index.php?rest_route=\/wp\/v2\/users\/1"}],"replies":[{"embeddable":true,"href":"https:\/\/www.centralmarket.store\/index.php?rest_route=%2Fwp%2Fv2%2Fcomments&post=14"}],"version-history":[{"count":0,"href":"https:\/\/www.centralmarket.store\/index.php?rest_route=\/wp\/v2\/pages\/14\/revisions"}],"wp:attachment":[{"href":"https:\/\/www.centralmarket.store\/index.php?rest_route=%2Fwp%2Fv2%2Fmedia&parent=14"}],"curies":[{"name":"wp","href":"https:\/\/api.w.org\/{rel}","templated":true}]}}